{"id":2386,"date":"2025-06-09T12:53:33","date_gmt":"2025-06-09T12:53:33","guid":{"rendered":"https:\/\/juliatschaikner.com\/?page_id=2386"},"modified":"2026-04-29T08:55:17","modified_gmt":"2026-04-29T08:55:17","slug":"vita","status":"publish","type":"page","link":"https:\/\/juliatschaikner.com\/eng\/vita\/","title":{"rendered":"Vita"},"content":{"rendered":"<div data-elementor-type=\"wp-page\" data-elementor-id=\"2386\" class=\"elementor elementor-2386\" data-elementor-post-type=\"page\">\n\t\t\t\t<div class=\"elementor-element elementor-element-28c78eb e-flex e-con-boxed e-con e-parent\" data-id=\"28c78eb\" data-element_type=\"container\" data-e-type=\"container\">\n\t\t\t\t\t<div class=\"e-con-inner\">\n\t\t\t\t<div class=\"elementor-element elementor-element-f9bdd4c elementor-hidden-mobile elementor-widget elementor-widget-text-editor\" data-id=\"f9bdd4c\" data-element_type=\"widget\" data-e-type=\"widget\" data-widget_type=\"text-editor.default\">\n\t\t\t\t<div class=\"elementor-widget-container\">\n\t\t\t\t\t\t\t\t\t<p>Julia<\/p><p>Tschaikner<\/p>\t\t\t\t\t\t\t\t<\/div>\n\t\t\t\t<\/div>\n\t\t\t\t\t<\/div>\n\t\t\t\t<\/div>\n\t\t<div class=\"elementor-element elementor-element-f9adf92 e-flex e-con-boxed e-con e-parent\" data-id=\"f9adf92\" data-element_type=\"container\" data-e-type=\"container\">\n\t\t\t\t\t<div class=\"e-con-inner\">\n\t\t\t\t<div class=\"elementor-element elementor-element-d27c89d elementor-nav-menu__align-center elementor-nav-menu--dropdown-none elementor-widget elementor-widget-nav-menu\" data-id=\"d27c89d\" data-element_type=\"widget\" data-e-type=\"widget\" data-settings=\"{&quot;layout&quot;:&quot;horizontal&quot;,&quot;submenu_icon&quot;:{&quot;value&quot;:&quot;&lt;svg aria-hidden=\\&quot;true\\&quot; class=\\&quot;e-font-icon-svg e-fas-caret-down\\&quot; viewBox=\\&quot;0 0 320 512\\&quot; xmlns=\\&quot;http:\\\/\\\/www.w3.org\\\/2000\\\/svg\\&quot;&gt;&lt;path d=\\&quot;M31.3 192h257.3c17.8 0 26.7 21.5 14.1 34.1L174.1 354.8c-7.8 7.8-20.5 7.8-28.3 0L17.2 226.1C4.6 213.5 13.5 192 31.3 192z\\&quot;&gt;&lt;\\\/path&gt;&lt;\\\/svg&gt;&quot;,&quot;library&quot;:&quot;fa-solid&quot;}}\" data-widget_type=\"nav-menu.default\">\n\t\t\t\t<div class=\"elementor-widget-container\">\n\t\t\t\t\t\t\t\t<nav aria-label=\"Men\u00fc\" class=\"elementor-nav-menu--main elementor-nav-menu__container elementor-nav-menu--layout-horizontal e--pointer-underline e--animation-fade\">\n\t\t\t\t<ul id=\"menu-1-d27c89d\" class=\"elementor-nav-menu\"><li class=\"menu-item menu-item-type-post_type menu-item-object-page menu-item-3642\"><a href=\"https:\/\/juliatschaikner.com\/eng\/fluid\/\" class=\"elementor-item\">Fluid<\/a><\/li>\n<li class=\"menu-item menu-item-type-post_type menu-item-object-page menu-item-4163\"><a href=\"https:\/\/juliatschaikner.com\/eng\/ohne-titel\/\" class=\"elementor-item\">Ohne Titel<\/a><\/li>\n<li class=\"menu-item menu-item-type-post_type menu-item-object-page menu-item-4067\"><a href=\"https:\/\/juliatschaikner.com\/eng\/afterimage\/\" class=\"elementor-item\">Afterimage<\/a><\/li>\n<li class=\"menu-item menu-item-type-post_type menu-item-object-page menu-item-4756\"><a href=\"https:\/\/juliatschaikner.com\/eng\/echo\/\" class=\"elementor-item\">Echo<\/a><\/li>\n<\/ul>\t\t\t<\/nav>\n\t\t\t\t\t\t<nav class=\"elementor-nav-menu--dropdown elementor-nav-menu__container\" aria-hidden=\"true\">\n\t\t\t\t<ul id=\"menu-2-d27c89d\" class=\"elementor-nav-menu\"><li class=\"menu-item menu-item-type-post_type menu-item-object-page menu-item-3642\"><a href=\"https:\/\/juliatschaikner.com\/eng\/fluid\/\" class=\"elementor-item\" tabindex=\"-1\">Fluid<\/a><\/li>\n<li class=\"menu-item menu-item-type-post_type menu-item-object-page menu-item-4163\"><a href=\"https:\/\/juliatschaikner.com\/eng\/ohne-titel\/\" class=\"elementor-item\" tabindex=\"-1\">Ohne Titel<\/a><\/li>\n<li class=\"menu-item menu-item-type-post_type menu-item-object-page menu-item-4067\"><a href=\"https:\/\/juliatschaikner.com\/eng\/afterimage\/\" class=\"elementor-item\" tabindex=\"-1\">Afterimage<\/a><\/li>\n<li class=\"menu-item menu-item-type-post_type menu-item-object-page menu-item-4756\"><a href=\"https:\/\/juliatschaikner.com\/eng\/echo\/\" class=\"elementor-item\" tabindex=\"-1\">Echo<\/a><\/li>\n<\/ul>\t\t\t<\/nav>\n\t\t\t\t\t\t<\/div>\n\t\t\t\t<\/div>\n\t\t\t\t\t<\/div>\n\t\t\t\t<\/div>\n\t\t<div class=\"elementor-element elementor-element-524a9cd e-flex e-con-boxed e-con e-parent\" data-id=\"524a9cd\" data-element_type=\"container\" data-e-type=\"container\">\n\t\t\t\t\t<div class=\"e-con-inner\">\n\t\t\t\t<div class=\"elementor-element elementor-element-99b2a03 elementor-widget elementor-widget-text-editor\" data-id=\"99b2a03\" data-element_type=\"widget\" data-e-type=\"widget\" data-widget_type=\"text-editor.default\">\n\t\t\t\t<div class=\"elementor-widget-container\">\n\t\t\t\t\t\t\t\t\t<div><p><span style=\"font-size: var( --e-global-typography-primary-font-size ); letter-spacing: var( --e-global-typography-primary-letter-spacing ); text-align: var(--text-align); word-spacing: var( --e-global-typography-primary-word-spacing );\">VITA<\/span><\/p><\/div><div><p>Julia Tschaikner<\/p><p>*1969 Innsbruck, \u00d6sterreich<\/p><p>Stationen: Tirol, Ober\u00f6sterreich, Wien und Berlin.<\/p><p>\u00a0<\/p><p>EDUCATION<\/p><p>1988\u20131993 | Studium der Malerei und Grafik, Akademie der bildenden K\u00fcnste Wien | AT\u00a0<\/p><p>1993 | Magistra artium, Diplom mit Auszeichnung<\/p><p>1993 &#8211; 1995 | Studium der Tapisserie, Akademie der bildenden K\u00fcnste Wien | AT<\/p><p>1996 | Gaststudium, Bilhauerei an der Kunsthochschule Berlin Wei\u00dfensee | D<\/p><p>\u00a0<\/p><p>AWARDS \/ STIPENDIEN \/ RESIDENCIES \/ SAMMLUNGEN<\/p><p>2026 | Residenz, Gastatelier des Landes Ober\u00f6sterreich im Schloss Weinberg (AT)<\/p><p>2020 | Stipendium Sonderprogramm, Senatsverwaltung f\u00fcr Kultur und Europa, Berlin (DE)<\/p><p>2014 | Werk in der Sammlung Achim Freyer Stiftung, Berlin (DE)<\/p><p>2014 | Werk in der Kunstsammlung des Landes Ober\u00f6sterreich (AT)<\/p><p>2013 | Residenz des Landes Ober\u00f6sterreich, Atelierhaus Salzamt Linz (AT)<\/p><p>2008 | Auslandsstipendium, Egon Schiele Art Centrum, \u010cesk\u00fd Krumlov \/ Krumau (CZ), Bundeskanzleramt \u00d6sterreich<\/p><p>2004 | Gastk\u00fcnstlerin, Atelieretage der Karl Hofer Gesellschaft \/ Freundeskreis der UdK \u2013 Universit\u00e4t der K\u00fcnste Berlin | DE<\/p><p>2003 | Artist-in-Residence (AIR Programm), K\u00fcnstlerhaus B\u00fcchsenhausen, Innsbruck | AT<\/p><p>2003 | Projektf\u00f6rderung, \u00d6sterreichische Botschaft Berlin\u00a0<\/p><p>1996 | Auslandsstipendium f\u00fcr kurzfristige wissenschaftliche Arbeiten im Ausland, Bundesministerium f\u00fcr Unterricht und Kunst | AT<\/p><p>1995 | Projektf\u00f6rderung, Land Ober\u00f6sterreich | AT<\/p><p>1995 | R\u00f6merquelle Kunstwettbewerb | AT<\/p><p>1994 | Werke in der Sammlung Artothek des Bundes im Belvedere 21, Wien | AT<\/p><p>1994 | Werk in der Sammlung des Lentos Kunstmuseum Linz (Ankauf durch den Kunstbeirat, Museum der Stadt Linz | AT<\/p><p>1993 | W\u00fcrdigungspreis, Bundesministerium f\u00fcr Wissenschaft und Forschung des Landes \u00d6sterreich<\/p><p>1991 | Meisterschulpreis, Akademie der bildenden K\u00fcnste Wien | DE<\/p><p>\u00a0<\/p><p>EXHIBITIONS<\/p><p>2027 | Julia Tschaikner, Galerie Schloss Weinberg, Amt des Landes Ober\u00f6sterreich, Einzelausstellung | AT<\/p><p>2026 | FormArt, Kunstverein Glinde, Glinde\/ Hamburg | DE<\/p><p>2026 | Afterimage, Galerie und Projektraum Erster Erster, Berlin (DE), Einzelausstellung\u00a0<\/p><p>2024 | Exhibit \u2013 diverse Ausstellungspraxen, kuratiert von Ingeborg Erhart und Sophie Mathoi, Exhibit Gallery, Akademie der bildenden K\u00fcnste Wien (AT)<\/p><p>2021 | Fade, Basement, Wien mit Eva Gr\u00fcn (AT)<\/p><p>2019 | Fake Covers for Fake Musik, Hilbert Raum, Berlin (DE)<\/p><p>2019 | ArtSpring, Zeiss Planetarium Berlin (DE)<\/p><p>2018 | ArtSpring Zentral, Museum Pankow, Berlin (DE)<\/p><p>2015 | Small, Kunstraum Super, Wien (AT)<\/p><p>2014 | achtzig f\u00fcr achtzig, Galerie der Stiftung Achim Freyer, Berlin (DE)<\/p><p>2013 | Heuriges, Ausstellungsraum AT, Wien (AT)<\/p><p>2013 | Triptichon, Milchhof und Atelierhof Kreuzberg, Berlin (DE)<\/p><p>2012 | Zwischenstop, DST Galerie, M\u00fcnster (DE)<\/p><p>2010 | Julia Tschaikner, Kunstkreis Meppen, Meppen (DE), Einzelausstellung<\/p><p>2010 | Preisvergleich, DST Galerie, M\u00fcnster (DE)<\/p><p>2010 | Punkt, Komma, Strich, Galerie Artaffair, Regensburg (DE)<\/p><p>2009 | Phantasma, DST Galerie, M\u00fcnster (DE), Einzelausstellung<\/p><p>2009 | Land of Human Rights: F\u00fcr Ressourcen verantwortlich sein, rotor \u2013 association for contemporary art, Graz (AT)<\/p><p>2009 | Unbegrenzt, Kunsthalle m3, Berlin (DE)<\/p><p>2008 | O.T., Egon Schiele Art Center, Studio, \u010cesk\u00fd Krumlov \/ Krumlov (CZ), Einzelausstellung<\/p><p>2008 | Galerie DST, M\u00fcnster (DE)<\/p><p>2007 | Forum Festival, Gold &#8211; Armut war gestern, Forum Stadtpark, Graz (AT)<\/p><p><span style=\"letter-spacing: -0.8px; -webkit-text-size-adjust: auto;\">2005 | Schnitzeljagd (by Gr\u00fctsch) \u2013 Gr\u00fcn, Tschaikner, SOHO in Ottakring, Wien (AT)<\/span><\/p><p>2006 | Stadt der Frauen, Frauenmuseum \/ Kommunale Galerie Wilmersdorf, Berlin (DE)<\/p><p><span style=\"letter-spacing: -0.8px; -webkit-text-size-adjust: auto;\">2004 | Schnitzeljagd (by Gr\u00fctsch) \u2013 Gr\u00fcn, Tschaikner, documentation guestroom Heeresb\u00e4ckerei, Berlin (DE)<\/span><\/p><p>2004 | Wien\u2013Berlin: Tendenzen zeitgen\u00f6ssischer Kunst, Galerie im Parlament, Berlin (DE)<\/p><p>2004 | Shared Wings, Labor B\u00fcchsenhausen, Innsbruck (AT), Einzelausstellung<\/p><p>2004 | Galerie Patrizia Poggi, Ravenna (IT), Einzelausstellung<\/p><p>2004 | Julia Tschaikner, Galerie Studio d\u2019Arte Cannaviello, Mailand \/ Milano (IT), Einzelausstellung<\/p><p>2003 | Siemens artLAB, Wien (AT)<\/p><p>1997 | Werkschau 5, Neues Kunstquartier, Berlin (DE)<\/p><p>1996 | Junge Szene \u201996, Wiener Secession, Wien (AT)<\/p><p>1995 | R\u00f6merquelle Kunstwettbewerb: Galerie Bregenzer Festspiele, Bregenz (AT); Traklhaus, Salzburg (AT); Stadtgalerie Klagenfurt (AT); Galerie Station3, Wien (AT)<\/p><p>1993 | Spiegelsprung, Akademie der bildenden K\u00fcnste Wien, Institut f\u00fcr Gegenwartskunst, Wien (AT)<\/p><p>1993 | Begehbare Bilder, Happening, Institut f\u00fcr Gegenwartskunst, Akademie der bildenden K\u00fcnste Wien (AT)<\/p><p>1992 | Versteckte Winkel, Akademie der bildenden K\u00fcnste Wien (AT)<\/p><p>\u00a0<\/p><p>PUBLIKATIONEN \/ KATALOGE<\/p><p>2026 | Katalog Kunstverein Glinde, Gruppensusstellung \/ DE<\/p><p>2004 | Wien\u2013Berlin: Tendenzen zeitgen\u00f6ssischer Kunst, Ausstellungskatalog, Galerie des Abgeordnetenhauses Berlin \/ \u00d6sterreichisches Kulturforum Berlin (DE); mit Gerwald Rockenschaub, Katrin Plavcak, Rudi Molacek, Thomas Locher.<\/p><p>2010 | Land of Human Rights \u2013 K\u00fcnstlerische Analysen und Visionen zur Situation der Menschenrechte in Europa \/ Artistic analyses and visions of the human rights situation in Europe; Hg. Margarethe Makovec &amp; Anton Lederer; rotor \u2013 Graz (AT) \/ Revolver Publishing, Berlin<\/p><p><span style=\"text-align: var(--text-align); font-size: var( --e-global-typography-primary-font-size ); letter-spacing: var( --e-global-typography-primary-letter-spacing ); word-spacing: var( --e-global-typography-primary-word-spacing ); -webkit-text-size-adjust: 100%;\">2004 | Julia Tschaikner, Katalog zur Einzelausstellung, Studio d\u2019Arte Cannaviello, Milano (IT)<\/span><\/p><p>1993 | Spiegelsprung, Publikation\/Katalog, Akademie der bildenden K\u00fcnste Wien, Institut f\u00fcr Gegenwartskunst (AT); Hrsg. Carl Pruscha; Denys Zacharopoulos<\/p><p>\u00a0<\/p><p>\u00a0<\/p><p style=\"letter-spacing: -0.8px; -webkit-text-size-adjust: 100%;\">Berufsverband bildender K\u00fcnstler Berlin, BBK Berlin<\/p><p style=\"letter-spacing: -0.8px; -webkit-text-size-adjust: 100%;\">Verwertungsgesellschaft Bildende Kunst, VG Bild-Kunst \u2013 Bonn<\/p><p style=\"letter-spacing: -0.8px; -webkit-text-size-adjust: 100%;\">\ud83d\udc9c<\/p><p style=\"letter-spacing: -0.8px; -webkit-text-size-adjust: 100%;\">Zertifizierte Mediatorin<\/p><p style=\"letter-spacing: -0.8px; -webkit-text-size-adjust: 100%;\">Zertifizierte systemische Coachin<\/p><p style=\"letter-spacing: -0.8px; -webkit-text-size-adjust: 100%;\">\u00a0<\/p><\/div>\t\t\t\t\t\t\t\t<\/div>\n\t\t\t\t<\/div>\n\t\t<div class=\"elementor-element elementor-element-398b812 e-con-full e-flex e-con e-child\" data-id=\"398b812\" data-element_type=\"container\" data-e-type=\"container\">\n\t\t\t\t<div class=\"elementor-element elementor-element-f93c97b pdf-bild  elementor-widget elementor-widget-image\" data-id=\"f93c97b\" data-element_type=\"widget\" data-e-type=\"widget\" data-widget_type=\"image.default\">\n\t\t\t\t<div class=\"elementor-widget-container\">\n\t\t\t\t\t\t\t\t\t\t\t\t\t\t\t<img fetchpriority=\"high\" decoding=\"async\" width=\"1024\" height=\"1024\" src=\"https:\/\/juliatschaikner.com\/wp-content\/uploads\/2025\/07\/D82B15F2-60DE-412D-A4E2-C3DC056702F1.png\" class=\"attachment-full size-full wp-image-2885\" alt=\"Julia Tschaikner, K\u00fcnstlerin\" srcset=\"https:\/\/juliatschaikner.com\/wp-content\/uploads\/2025\/07\/D82B15F2-60DE-412D-A4E2-C3DC056702F1.png 1024w, https:\/\/juliatschaikner.com\/wp-content\/uploads\/2025\/07\/D82B15F2-60DE-412D-A4E2-C3DC056702F1-300x300.png 300w, https:\/\/juliatschaikner.com\/wp-content\/uploads\/2025\/07\/D82B15F2-60DE-412D-A4E2-C3DC056702F1-150x150.png 150w, https:\/\/juliatschaikner.com\/wp-content\/uploads\/2025\/07\/D82B15F2-60DE-412D-A4E2-C3DC056702F1-768x768.png 768w, https:\/\/juliatschaikner.com\/wp-content\/uploads\/2025\/07\/D82B15F2-60DE-412D-A4E2-C3DC056702F1-12x12.png 12w, https:\/\/juliatschaikner.com\/wp-content\/uploads\/2025\/07\/D82B15F2-60DE-412D-A4E2-C3DC056702F1-600x600.png 600w, https:\/\/juliatschaikner.com\/wp-content\/uploads\/2025\/07\/D82B15F2-60DE-412D-A4E2-C3DC056702F1-100x100.png 100w\" sizes=\"(max-width: 1024px) 100vw, 1024px\" \/>\t\t\t\t\t\t\t\t\t\t\t\t\t\t\t<\/div>\n\t\t\t\t<\/div>\n\t\t\t\t<\/div>\n\t\t<div class=\"elementor-element elementor-element-46deefd e-con-full e-flex e-con e-child\" data-id=\"46deefd\" data-element_type=\"container\" data-e-type=\"container\">\n\t\t\t\t<div class=\"elementor-element elementor-element-a157791 elementor-align-center elementor-widget elementor-widget-button\" data-id=\"a157791\" data-element_type=\"widget\" data-e-type=\"widget\" rel=\"me\" data-widget_type=\"button.default\">\n\t\t\t\t<div class=\"elementor-widget-container\">\n\t\t\t\t\t\t\t\t\t<div class=\"elementor-button-wrapper\">\n\t\t\t\t\t<a class=\"elementor-button elementor-button-link elementor-size-sm\" href=\"https:\/\/www.basis-wien.at\/db\/person\/64858\" target=\"_blank\" rel=\"noopener\">\n\t\t\t\t\t\t<span class=\"elementor-button-content-wrapper\">\n\t\t\t\t\t\t\t\t\t<span class=\"elementor-button-text\">Archiv -  Basis Wien<\/span>\n\t\t\t\t\t<\/span>\n\t\t\t\t\t<\/a>\n\t\t\t\t<\/div>\n\t\t\t\t\t\t\t\t<\/div>\n\t\t\t\t<\/div>\n\t\t\t\t<\/div>\n\t\t\t\t\t<\/div>\n\t\t\t\t<\/div>\n\t\t<div class=\"elementor-element elementor-element-49b4840 e-flex e-con-boxed e-con e-parent\" data-id=\"49b4840\" data-element_type=\"container\" data-e-type=\"container\">\n\t\t\t\t\t<div class=\"e-con-inner\">\n\t\t\t\t<div class=\"elementor-element elementor-element-fe53f58 elementor-widget elementor-widget-spacer\" data-id=\"fe53f58\" data-element_type=\"widget\" data-e-type=\"widget\" data-widget_type=\"spacer.default\">\n\t\t\t\t<div class=\"elementor-widget-container\">\n\t\t\t\t\t\t\t<div class=\"elementor-spacer\">\n\t\t\t<div class=\"elementor-spacer-inner\"><\/div>\n\t\t<\/div>\n\t\t\t\t\t\t<\/div>\n\t\t\t\t<\/div>\n\t\t\t\t\t<\/div>\n\t\t\t\t<\/div>\n\t\t\t\t<div class=\"elementor-element elementor-element-7458463 e-con e-atomic-element e-flexbox-base e-7458463-e16bad1\" data-id=\"7458463\" data-element_type=\"e-flexbox\" data-e-type=\"e-flexbox\" data-interaction-id=\"7458463\">\n\t\t\t\t\t\t\t\n\t\t\t<img class=\"e-image-base e-e097f87-470e442\" \n\t\t\t\t\tdata-interaction-id=\"e097f87\" \n\t\t \n\t\t data-e-type=\"widget\" data-id=\"e097f87\"\n\t\t\t\t\t\t\t\t\tid=\"5311\"\n\t\t\t\t\t\t\t\t\t\t\t\tsrc=\"https:\/\/juliatschaikner.com\/wp-content\/uploads\/2026\/04\/IMG_7843-768x768.png\"\n\t\t\t\t\t\t\t\t\t\t\t\twidth=\"768\"\n\t\t\t\t\t\t\t\t\t\t\t\theight=\"768\"\n\t\t\t\t\t\t\t\t\t\t\t\tsrcset=\"https:\/\/juliatschaikner.com\/wp-content\/uploads\/2026\/04\/IMG_7843-768x768.png 768w, https:\/\/juliatschaikner.com\/wp-content\/uploads\/2026\/04\/IMG_7843-300x300.png 300w, https:\/\/juliatschaikner.com\/wp-content\/uploads\/2026\/04\/IMG_7843-150x150.png 150w, https:\/\/juliatschaikner.com\/wp-content\/uploads\/2026\/04\/IMG_7843-600x600.png 600w, https:\/\/juliatschaikner.com\/wp-content\/uploads\/2026\/04\/IMG_7843-100x100.png 100w, https:\/\/juliatschaikner.com\/wp-content\/uploads\/2026\/04\/IMG_7843.png 876w\"\n\t\t\t\t\t\t\t\t\t\t\t\talt=\"\"\n\t\t\t\t\t\t\/>\n\t\t\t\t\t<\/div>\n\t\t<div class=\"elementor-element elementor-element-5cc5ba3 e-flex e-con-boxed e-con e-parent\" data-id=\"5cc5ba3\" data-element_type=\"container\" data-e-type=\"container\">\n\t\t\t\t\t<div class=\"e-con-inner\">\n\t\t\t\t<div class=\"elementor-element elementor-element-2be1e26 elementor-widget elementor-widget-text-editor\" data-id=\"2be1e26\" data-element_type=\"widget\" data-e-type=\"widget\" data-widget_type=\"text-editor.default\">\n\t\t\t\t<div class=\"elementor-widget-container\">\n\t\t\t\t\t\t\t\t\t<p>KONTAKTDATEN<\/p><p>Scan QR Code<\/p>\t\t\t\t\t\t\t\t<\/div>\n\t\t\t\t<\/div>\n\t\t<div class=\"elementor-element elementor-element-3ccec81 e-con-full e-flex e-con e-child\" data-id=\"3ccec81\" data-element_type=\"container\" data-e-type=\"container\">\n\t\t\t\t\t    \t            <a\n            href=\"mailto:hello@juliatschaikner.com\" target=\"_blank\"\n            class=\"e-8f82f15-fd96e20 e-button-base\"\n            data-interaction-id=\"8f82f15\"\n             data-e-type=\"widget\" data-id=\"8f82f15\" \n        >\n            hello@juliatschaikner.com\n        <\/a>\n    \t\t\t\t<div class=\"elementor-element elementor-element-ddb42da elementor-widget elementor-widget-spacer\" data-id=\"ddb42da\" data-element_type=\"widget\" data-e-type=\"widget\" data-widget_type=\"spacer.default\">\n\t\t\t\t<div class=\"elementor-widget-container\">\n\t\t\t\t\t\t\t<div class=\"elementor-spacer\">\n\t\t\t<div class=\"elementor-spacer-inner\"><\/div>\n\t\t<\/div>\n\t\t\t\t\t\t<\/div>\n\t\t\t\t<\/div>\n\t\t\t\t<\/div>\n\t\t\t\t\t<\/div>\n\t\t\t\t<\/div>\n\t\t\t\t<\/div>","protected":false},"excerpt":{"rendered":"<p>Julia Tschaikner VITA Julia Tschaikner *1969 Innsbruck, \u00d6sterreich Stationen: Tirol, Ober\u00f6sterreich, Wien und Berlin. \u00a0 EDUCATION 1988\u20131993 | Studium der Malerei und Grafik, Akademie der bildenden K\u00fcnste Wien | AT\u00a0 1993 | Magistra artium, Diplom mit Auszeichnung 1993 &#8211; 1995 | Studium der Tapisserie, Akademie der bildenden K\u00fcnste Wien | AT 1996 | Gaststudium, Bilhauerei [&hellip;]<\/p>\n","protected":false},"author":1,"featured_media":0,"parent":0,"menu_order":0,"comment_status":"closed","ping_status":"closed","template":"","meta":{"footnotes":""},"class_list":["post-2386","page","type-page","status-publish","hentry"],"_links":{"self":[{"href":"https:\/\/juliatschaikner.com\/eng\/wp-json\/wp\/v2\/pages\/2386","targetHints":{"allow":["GET"]}}],"collection":[{"href":"https:\/\/juliatschaikner.com\/eng\/wp-json\/wp\/v2\/pages"}],"about":[{"href":"https:\/\/juliatschaikner.com\/eng\/wp-json\/wp\/v2\/types\/page"}],"author":[{"embeddable":true,"href":"https:\/\/juliatschaikner.com\/eng\/wp-json\/wp\/v2\/users\/1"}],"replies":[{"embeddable":true,"href":"https:\/\/juliatschaikner.com\/eng\/wp-json\/wp\/v2\/comments?post=2386"}],"version-history":[{"count":699,"href":"https:\/\/juliatschaikner.com\/eng\/wp-json\/wp\/v2\/pages\/2386\/revisions"}],"predecessor-version":[{"id":5468,"href":"https:\/\/juliatschaikner.com\/eng\/wp-json\/wp\/v2\/pages\/2386\/revisions\/5468"}],"wp:attachment":[{"href":"https:\/\/juliatschaikner.com\/eng\/wp-json\/wp\/v2\/media?parent=2386"}],"curies":[{"name":"wp","href":"https:\/\/api.w.org\/{rel}","templated":true}]}}