{"id":3635,"date":"2025-10-16T13:08:10","date_gmt":"2025-10-16T13:08:10","guid":{"rendered":"https:\/\/juliatschaikner.com\/?page_id=3635"},"modified":"2025-12-01T15:05:30","modified_gmt":"2025-12-01T15:05:30","slug":"fluid","status":"publish","type":"page","link":"https:\/\/juliatschaikner.com\/eng\/fluid\/","title":{"rendered":"Fluid"},"content":{"rendered":"\t\t<div data-elementor-type=\"wp-page\" data-elementor-id=\"3635\" class=\"elementor elementor-3635\" data-elementor-post-type=\"page\">\n\t\t\t\t<div class=\"elementor-element elementor-element-70188ea e-flex e-con-boxed e-con e-parent\" data-id=\"70188ea\" data-element_type=\"container\" data-e-type=\"container\">\n\t\t\t\t\t<div class=\"e-con-inner\">\n\t\t\t\t<div class=\"elementor-element elementor-element-627ce9be elementor-nav-menu__align-center elementor-nav-menu--dropdown-none elementor-widget elementor-widget-nav-menu\" data-id=\"627ce9be\" data-element_type=\"widget\" data-e-type=\"widget\" data-settings=\"{&quot;layout&quot;:&quot;horizontal&quot;,&quot;submenu_icon&quot;:{&quot;value&quot;:&quot;&lt;svg aria-hidden=\\&quot;true\\&quot; class=\\&quot;e-font-icon-svg e-fas-caret-down\\&quot; viewBox=\\&quot;0 0 320 512\\&quot; xmlns=\\&quot;http:\\\/\\\/www.w3.org\\\/2000\\\/svg\\&quot;&gt;&lt;path d=\\&quot;M31.3 192h257.3c17.8 0 26.7 21.5 14.1 34.1L174.1 354.8c-7.8 7.8-20.5 7.8-28.3 0L17.2 226.1C4.6 213.5 13.5 192 31.3 192z\\&quot;&gt;&lt;\\\/path&gt;&lt;\\\/svg&gt;&quot;,&quot;library&quot;:&quot;fa-solid&quot;}}\" data-widget_type=\"nav-menu.default\">\n\t\t\t\t<div class=\"elementor-widget-container\">\n\t\t\t\t\t\t\t\t<nav aria-label=\"Men\u00fc\" class=\"elementor-nav-menu--main elementor-nav-menu__container elementor-nav-menu--layout-horizontal e--pointer-underline e--animation-fade\">\n\t\t\t\t<ul id=\"menu-1-627ce9be\" class=\"elementor-nav-menu\"><li class=\"menu-item menu-item-type-post_type menu-item-object-page menu-item-3642\"><a href=\"https:\/\/juliatschaikner.com\/eng\/fluid\/\" class=\"elementor-item\">Fluid<\/a><\/li>\n<li class=\"menu-item menu-item-type-post_type menu-item-object-page menu-item-4163\"><a href=\"https:\/\/juliatschaikner.com\/eng\/ohne-titel\/\" class=\"elementor-item\">Ohne Titel<\/a><\/li>\n<li class=\"menu-item menu-item-type-post_type menu-item-object-page menu-item-4067\"><a href=\"https:\/\/juliatschaikner.com\/eng\/afterimage\/\" class=\"elementor-item\">Afterimage<\/a><\/li>\n<li class=\"menu-item menu-item-type-post_type menu-item-object-page menu-item-4756\"><a href=\"https:\/\/juliatschaikner.com\/eng\/echo\/\" class=\"elementor-item\">Echo<\/a><\/li>\n<\/ul>\t\t\t<\/nav>\n\t\t\t\t\t\t<nav class=\"elementor-nav-menu--dropdown elementor-nav-menu__container\" aria-hidden=\"true\">\n\t\t\t\t<ul id=\"menu-2-627ce9be\" class=\"elementor-nav-menu\"><li class=\"menu-item menu-item-type-post_type menu-item-object-page menu-item-3642\"><a href=\"https:\/\/juliatschaikner.com\/eng\/fluid\/\" class=\"elementor-item\" tabindex=\"-1\">Fluid<\/a><\/li>\n<li class=\"menu-item menu-item-type-post_type menu-item-object-page menu-item-4163\"><a href=\"https:\/\/juliatschaikner.com\/eng\/ohne-titel\/\" class=\"elementor-item\" tabindex=\"-1\">Ohne Titel<\/a><\/li>\n<li class=\"menu-item menu-item-type-post_type menu-item-object-page menu-item-4067\"><a href=\"https:\/\/juliatschaikner.com\/eng\/afterimage\/\" class=\"elementor-item\" tabindex=\"-1\">Afterimage<\/a><\/li>\n<li class=\"menu-item menu-item-type-post_type menu-item-object-page menu-item-4756\"><a href=\"https:\/\/juliatschaikner.com\/eng\/echo\/\" class=\"elementor-item\" tabindex=\"-1\">Echo<\/a><\/li>\n<\/ul>\t\t\t<\/nav>\n\t\t\t\t\t\t<\/div>\n\t\t\t\t<\/div>\n\t\t\t\t\t<\/div>\n\t\t\t\t<\/div>\n\t\t<div class=\"elementor-element elementor-element-e252d1e e-flex e-con-boxed e-con e-parent\" data-id=\"e252d1e\" data-element_type=\"container\" data-e-type=\"container\">\n\t\t\t\t\t<div class=\"e-con-inner\">\n\t\t\t\t<div class=\"elementor-element elementor-element-aa29281 elementor-widget elementor-widget-image\" data-id=\"aa29281\" data-element_type=\"widget\" data-e-type=\"widget\" data-widget_type=\"image.default\">\n\t\t\t\t<div class=\"elementor-widget-container\">\n\t\t\t\t\t\t\t\t\t\t\t\t\t\t\t<img fetchpriority=\"high\" decoding=\"async\" width=\"661\" height=\"1000\" src=\"https:\/\/juliatschaikner.com\/wp-content\/uploads\/2025\/06\/IMG_5055.png\" class=\"attachment-large size-large wp-image-2644\" alt=\"Malerei von Julia Tschaikner aus der Serie Fluid.\" srcset=\"https:\/\/juliatschaikner.com\/wp-content\/uploads\/2025\/06\/IMG_5055.png 661w, https:\/\/juliatschaikner.com\/wp-content\/uploads\/2025\/06\/IMG_5055-300x454.png 300w, https:\/\/juliatschaikner.com\/wp-content\/uploads\/2025\/06\/IMG_5055-600x908.png 600w, https:\/\/juliatschaikner.com\/wp-content\/uploads\/2025\/06\/IMG_5055-198x300.png 198w, https:\/\/juliatschaikner.com\/wp-content\/uploads\/2025\/06\/IMG_5055-8x12.png 8w\" sizes=\"(max-width: 661px) 100vw, 661px\" \/>\t\t\t\t\t\t\t\t\t\t\t\t\t\t\t<\/div>\n\t\t\t\t<\/div>\n\t\t\t\t\t<\/div>\n\t\t\t\t<\/div>\n\t\t<div class=\"elementor-element elementor-element-a2db109 e-flex e-con-boxed e-con e-parent\" data-id=\"a2db109\" data-element_type=\"container\" data-e-type=\"container\">\n\t\t\t\t\t<div class=\"e-con-inner\">\n\t\t\t\t<div class=\"elementor-element elementor-element-9cc4b4c elementor-widget elementor-widget-text-editor\" data-id=\"9cc4b4c\" data-element_type=\"widget\" data-e-type=\"widget\" data-widget_type=\"text-editor.default\">\n\t\t\t\t<div class=\"elementor-widget-container\">\n\t\t\t\t\t\t\t\t\t<p class=\"p1\"><span class=\"s1\">FLUID<\/span><\/p>\n<p class=\"p1\"><span class=\"s1\">Julia Tschaikner entwickelt eine Malerei, die zwischen N\u00e4he und Abstraktion oszilliert. Ihre Bildwelten artikulieren sich in Schichten \u2013 visuell, formal, inhaltlich. Sie n\u00e4hert sich dem Verh\u00e4ltnis von Individuum und Gesellschaft \u00fcber das Medium Bild \u2013 nicht als Spiegel, sondern als Gegen\u00fcber. Das Sichtbare wird unterlaufen, verschoben, ge\u00f6ffnet.&nbsp;<\/span><\/p>\n<p>Die Kompositionen wirken vordergr\u00fcndig leicht, getragen von transparenter Farbigkeit, freier Linienf\u00fchrung und fl\u00fcchtigen Figuren. Doch diese Offenheit ist bewusst gesetzt. Die Werke thematisieren Desorientierung, \u00dcberforderung, Vereinzelung \u2013 Symptome einer visuell \u00fcberkodierten Gegenwart.&nbsp;<\/p>\n<p>Zeichnung und Malerei stehen in Koexistenz: Die Linie unterbricht, betont, irritiert. Die Figur ist nie sicher verortet \u2013 sie bleibt ambivalent, angedeutet, fl\u00fcchtig. Narration entsteht im Fragment. Die Bilder geben nichts Preis, was sich unmittelbar lesen lie\u00dfe. Vielmehr entstehen Bildr\u00e4ume, die zwischen Darstellung und Andeutung oszillieren \u2013 R\u00e4ume, die Erinnerungen ausl\u00f6sen, aber keine Geschichten erz\u00e4hlen. Der Bildraum bleibt offen, durchl\u00e4ssig, vorl\u00e4ufig.<\/p>\n<p>Tschaikners malerisches Verfahren operiert an der Schnittstelle zwischen dem poetisch Langsamen und dem grafisch Schnellen. Sie kombiniert gestische Malerei mit einer bildsprachlichen Direktheit, die ihre Referenzen in der medialen Gegenwart hat. In dieser Spannung verdichtet sich ein Nachdenken \u00fcber Zeit \u2013 nicht als Verlauf, sondern als bildinterner Zustand. Malerei wird zur Verlangsamung im Angesicht beschleunigter Bilderfahrungen.<\/p>\n<p>Ihre Bildelemente \u2013 abstrahierte Figuren, mediale Silhouetten, Zeichen, Bruchst\u00fccke \u2013 sind keinem stabilen Ursprung verpflichtet. Sie tauchen auf, geraten in Bewegung, kollidieren miteinander. Die Welt der K\u00fcnstlerin ist durchl\u00e4ssig und durchdrungen von \u00dcberlagerungen.&nbsp;<\/p>\n<p>Der Bildraum, den Tschaikner \u00f6ffnet, ist kein abgeschlossenes Gef\u00fcge. Er l\u00e4sst sich auf mehreren Ebenen lesen: formal, narrativ, atmosph\u00e4risch. Was zun\u00e4chst als \u00e4sthetischer Eindruck erscheint, entwickelt in der Betrachtung eine semantische Tiefe. Die Kompositionen lesen sich wie filmische Sequenzen, wie Montage \u2013 strukturiert, aber nicht linear, visuell dicht, aber offen in ihrer Bedeutung.<\/p>\n<p>Tschaikners Malerei denkt Bilder nicht als Endpunkte, sondern als Denkbewegungen. Ihre Werke entziehen sich eindeutigen Lesarten, um jenen Zwischenraum zu er\u00f6ffnen, in dem Wahrnehmung selbst verhandelbar wird.<\/p>\n<p>Werkserie seit 2002<\/p>\t\t\t\t\t\t\t\t<\/div>\n\t\t\t\t<\/div>\n\t\t\t\t\t<\/div>\n\t\t\t\t<\/div>\n\t\t<div class=\"elementor-element elementor-element-d5e4d90 e-flex e-con-boxed e-con e-parent\" data-id=\"d5e4d90\" data-element_type=\"container\" data-e-type=\"container\">\n\t\t\t\t\t<div class=\"e-con-inner\">\n\t\t\t\t<div class=\"elementor-element elementor-element-65bfa24 elementor-pagination-type-bullets elementor-arrows-position-inside elementor-pagination-position-outside elementor-invisible elementor-widget elementor-widget-n-carousel\" data-id=\"65bfa24\" data-element_type=\"widget\" data-e-type=\"widget\" data-settings=\"{&quot;carousel_items&quot;:[{&quot;slide_title&quot;:&quot;Slide #1&quot;,&quot;_id&quot;:&quot;9022442&quot;},{&quot;slide_title&quot;:&quot;Slide #2&quot;,&quot;_id&quot;:&quot;078aa04&quot;},{&quot;slide_title&quot;:&quot;Slide #3&quot;,&quot;_id&quot;:&quot;3457381&quot;},{&quot;_id&quot;:&quot;6018740&quot;,&quot;slide_title&quot;:&quot;Slide #4&quot;},{&quot;_id&quot;:&quot;d7bb770&quot;,&quot;slide_title&quot;:&quot;Slide #5&quot;}],&quot;_animation&quot;:&quot;fadeIn&quot;,&quot;slides_to_show_tablet&quot;:&quot;2&quot;,&quot;slides_to_show_mobile&quot;:&quot;1&quot;,&quot;autoplay&quot;:&quot;yes&quot;,&quot;autoplay_speed&quot;:5000,&quot;pause_on_hover&quot;:&quot;yes&quot;,&quot;pause_on_interaction&quot;:&quot;yes&quot;,&quot;infinite&quot;:&quot;yes&quot;,&quot;speed&quot;:500,&quot;offset_sides&quot;:&quot;none&quot;,&quot;arrows&quot;:&quot;yes&quot;,&quot;pagination&quot;:&quot;bullets&quot;,&quot;image_spacing_custom&quot;:{&quot;unit&quot;:&quot;px&quot;,&quot;size&quot;:10,&quot;sizes&quot;:[]},&quot;image_spacing_custom_tablet&quot;:{&quot;unit&quot;:&quot;px&quot;,&quot;size&quot;:&quot;&quot;,&quot;sizes&quot;:[]},&quot;image_spacing_custom_mobile&quot;:{&quot;unit&quot;:&quot;px&quot;,&quot;size&quot;:&quot;&quot;,&quot;sizes&quot;:[]}}\" data-widget_type=\"nested-carousel.default\">\n\t\t\t\t<div class=\"elementor-widget-container\">\n\t\t\t\t\t\t\t<div class=\"e-n-carousel swiper\" role=\"region\" aria-roledescription=\"carousel\" aria-label=\"Karussell\" dir=\"ltr\">\n\t\t\t<div class=\"swiper-wrapper\" aria-live=\"off\">\n\t\t\t\t\t\t\t\t\t\t<div class=\"swiper-slide\" data-slide=\"1\" role=\"group\" aria-roledescription=\"slide\" aria-label=\"1 of 5\">\n\t\t\t\t\t\t\t<div class=\"elementor-element elementor-element-ea5781e e-flex e-con-boxed e-con e-child\" data-id=\"ea5781e\" data-element_type=\"container\" data-e-type=\"container\">\n\t\t\t\t\t<div class=\"e-con-inner\">\n\t\t\t\t<div class=\"elementor-element elementor-element-bce279a elementor-widget elementor-widget-image\" data-id=\"bce279a\" data-element_type=\"widget\" data-e-type=\"widget\" data-widget_type=\"image.default\">\n\t\t\t\t<div class=\"elementor-widget-container\">\n\t\t\t\t\t\t\t\t\t\t\t\t\t\t\t<img fetchpriority=\"high\" decoding=\"async\" width=\"661\" height=\"1000\" src=\"https:\/\/juliatschaikner.com\/wp-content\/uploads\/2025\/06\/IMG_5055.png\" class=\"attachment-large size-large wp-image-2644\" alt=\"Malerei von Julia Tschaikner aus der Serie Fluid.\" srcset=\"https:\/\/juliatschaikner.com\/wp-content\/uploads\/2025\/06\/IMG_5055.png 661w, https:\/\/juliatschaikner.com\/wp-content\/uploads\/2025\/06\/IMG_5055-300x454.png 300w, https:\/\/juliatschaikner.com\/wp-content\/uploads\/2025\/06\/IMG_5055-600x908.png 600w, https:\/\/juliatschaikner.com\/wp-content\/uploads\/2025\/06\/IMG_5055-198x300.png 198w, https:\/\/juliatschaikner.com\/wp-content\/uploads\/2025\/06\/IMG_5055-8x12.png 8w\" sizes=\"(max-width: 661px) 100vw, 661px\" \/>\t\t\t\t\t\t\t\t\t\t\t\t\t\t\t<\/div>\n\t\t\t\t<\/div>\n\t\t\t\t\t<\/div>\n\t\t\t\t<\/div>\n\t\t\t\t\t\t\t\t<\/div>\n\t\t\t\t\t\t\t\t\t\t\t<div class=\"swiper-slide\" data-slide=\"2\" role=\"group\" aria-roledescription=\"slide\" aria-label=\"2 of 5\">\n\t\t\t\t\t\t\t<div class=\"elementor-element elementor-element-ba67cc6 e-flex e-con-boxed e-con e-child\" data-id=\"ba67cc6\" data-element_type=\"container\" data-e-type=\"container\">\n\t\t\t\t\t<div class=\"e-con-inner\">\n\t\t\t\t<div class=\"elementor-element elementor-element-459d895 elementor-widget elementor-widget-image\" data-id=\"459d895\" data-element_type=\"widget\" data-e-type=\"widget\" data-widget_type=\"image.default\">\n\t\t\t\t<div class=\"elementor-widget-container\">\n\t\t\t\t\t\t\t\t\t\t\t\t\t\t\t<img decoding=\"async\" width=\"751\" height=\"1000\" src=\"https:\/\/juliatschaikner.com\/wp-content\/uploads\/2025\/06\/IMG_5057.png\" class=\"attachment-full size-full wp-image-2643\" alt=\"\" srcset=\"https:\/\/juliatschaikner.com\/wp-content\/uploads\/2025\/06\/IMG_5057.png 751w, https:\/\/juliatschaikner.com\/wp-content\/uploads\/2025\/06\/IMG_5057-300x399.png 300w, https:\/\/juliatschaikner.com\/wp-content\/uploads\/2025\/06\/IMG_5057-600x799.png 600w, https:\/\/juliatschaikner.com\/wp-content\/uploads\/2025\/06\/IMG_5057-225x300.png 225w, https:\/\/juliatschaikner.com\/wp-content\/uploads\/2025\/06\/IMG_5057-9x12.png 9w\" sizes=\"(max-width: 751px) 100vw, 751px\" \/>\t\t\t\t\t\t\t\t\t\t\t\t\t\t\t<\/div>\n\t\t\t\t<\/div>\n\t\t\t\t\t<\/div>\n\t\t\t\t<\/div>\n\t\t\t\t\t\t\t\t<\/div>\n\t\t\t\t\t\t\t\t\t\t\t<div class=\"swiper-slide\" data-slide=\"3\" role=\"group\" aria-roledescription=\"slide\" aria-label=\"3 of 5\">\n\t\t\t\t\t\t\t<div class=\"elementor-element elementor-element-80dc3fc e-flex e-con-boxed e-con e-child\" data-id=\"80dc3fc\" data-element_type=\"container\" data-e-type=\"container\">\n\t\t\t\t\t<div class=\"e-con-inner\">\n\t\t\t\t<div class=\"elementor-element elementor-element-f92ad10 elementor-widget elementor-widget-image\" data-id=\"f92ad10\" data-element_type=\"widget\" data-e-type=\"widget\" data-widget_type=\"image.default\">\n\t\t\t\t<div class=\"elementor-widget-container\">\n\t\t\t\t\t\t\t\t\t\t\t\t\t\t\t<img decoding=\"async\" width=\"758\" height=\"1000\" src=\"https:\/\/juliatschaikner.com\/wp-content\/uploads\/2025\/06\/IMG_5059.png\" class=\"attachment-large size-large wp-image-2641\" alt=\"\" srcset=\"https:\/\/juliatschaikner.com\/wp-content\/uploads\/2025\/06\/IMG_5059.png 758w, https:\/\/juliatschaikner.com\/wp-content\/uploads\/2025\/06\/IMG_5059-300x396.png 300w, https:\/\/juliatschaikner.com\/wp-content\/uploads\/2025\/06\/IMG_5059-600x792.png 600w, https:\/\/juliatschaikner.com\/wp-content\/uploads\/2025\/06\/IMG_5059-227x300.png 227w, https:\/\/juliatschaikner.com\/wp-content\/uploads\/2025\/06\/IMG_5059-9x12.png 9w\" sizes=\"(max-width: 758px) 100vw, 758px\" \/>\t\t\t\t\t\t\t\t\t\t\t\t\t\t\t<\/div>\n\t\t\t\t<\/div>\n\t\t\t\t\t<\/div>\n\t\t\t\t<\/div>\n\t\t\t\t\t\t\t\t<\/div>\n\t\t\t\t\t\t\t\t\t\t\t<div class=\"swiper-slide\" data-slide=\"4\" role=\"group\" aria-roledescription=\"slide\" aria-label=\"4 of 5\">\n\t\t\t\t\t\t\t<div class=\"elementor-element elementor-element-3937218 e-flex e-con-boxed e-con e-child\" data-id=\"3937218\" data-element_type=\"container\" data-e-type=\"container\">\n\t\t\t\t\t<div class=\"e-con-inner\">\n\t\t\t\t<div class=\"elementor-element elementor-element-0e3f5d0 elementor-widget elementor-widget-image\" data-id=\"0e3f5d0\" data-element_type=\"widget\" data-e-type=\"widget\" data-widget_type=\"image.default\">\n\t\t\t\t<div class=\"elementor-widget-container\">\n\t\t\t\t\t\t\t\t\t\t\t\t\t\t\t<img loading=\"lazy\" decoding=\"async\" width=\"747\" height=\"1000\" src=\"https:\/\/juliatschaikner.com\/wp-content\/uploads\/2025\/06\/IMG_5058.png\" class=\"attachment-large size-large wp-image-2642\" alt=\"\" srcset=\"https:\/\/juliatschaikner.com\/wp-content\/uploads\/2025\/06\/IMG_5058.png 747w, https:\/\/juliatschaikner.com\/wp-content\/uploads\/2025\/06\/IMG_5058-300x402.png 300w, https:\/\/juliatschaikner.com\/wp-content\/uploads\/2025\/06\/IMG_5058-600x803.png 600w, https:\/\/juliatschaikner.com\/wp-content\/uploads\/2025\/06\/IMG_5058-224x300.png 224w, https:\/\/juliatschaikner.com\/wp-content\/uploads\/2025\/06\/IMG_5058-9x12.png 9w\" sizes=\"(max-width: 747px) 100vw, 747px\" \/>\t\t\t\t\t\t\t\t\t\t\t\t\t\t\t<\/div>\n\t\t\t\t<\/div>\n\t\t\t\t\t<\/div>\n\t\t\t\t<\/div>\n\t\t\t\t\t\t\t\t<\/div>\n\t\t\t\t\t\t\t\t\t\t\t<div class=\"swiper-slide\" data-slide=\"5\" role=\"group\" aria-roledescription=\"slide\" aria-label=\"5 of 5\">\n\t\t\t\t\t\t\t<div class=\"elementor-element elementor-element-533f1a0 e-flex e-con-boxed e-con e-child\" data-id=\"533f1a0\" data-element_type=\"container\" data-e-type=\"container\">\n\t\t\t\t\t<div class=\"e-con-inner\">\n\t\t\t\t<div class=\"elementor-element elementor-element-eec364a elementor-widget elementor-widget-image\" data-id=\"eec364a\" data-element_type=\"widget\" data-e-type=\"widget\" data-widget_type=\"image.default\">\n\t\t\t\t<div class=\"elementor-widget-container\">\n\t\t\t\t\t\t\t\t\t\t\t\t\t\t\t<img loading=\"lazy\" decoding=\"async\" width=\"774\" height=\"1000\" src=\"https:\/\/juliatschaikner.com\/wp-content\/uploads\/2025\/06\/IMG_5056.png\" class=\"attachment-large size-large wp-image-2645\" alt=\"\" srcset=\"https:\/\/juliatschaikner.com\/wp-content\/uploads\/2025\/06\/IMG_5056.png 774w, https:\/\/juliatschaikner.com\/wp-content\/uploads\/2025\/06\/IMG_5056-300x388.png 300w, https:\/\/juliatschaikner.com\/wp-content\/uploads\/2025\/06\/IMG_5056-600x775.png 600w, https:\/\/juliatschaikner.com\/wp-content\/uploads\/2025\/06\/IMG_5056-232x300.png 232w, https:\/\/juliatschaikner.com\/wp-content\/uploads\/2025\/06\/IMG_5056-768x992.png 768w, https:\/\/juliatschaikner.com\/wp-content\/uploads\/2025\/06\/IMG_5056-9x12.png 9w\" sizes=\"(max-width: 774px) 100vw, 774px\" \/>\t\t\t\t\t\t\t\t\t\t\t\t\t\t\t<\/div>\n\t\t\t\t<\/div>\n\t\t\t\t\t<\/div>\n\t\t\t\t<\/div>\n\t\t\t\t\t\t\t\t<\/div>\n\t\t\t\t\t\t\t\t<\/div>\n\t\t<\/div>\n\t\t\t\t\t<div class=\"elementor-swiper-button elementor-swiper-button-prev\" role=\"button\" tabindex=\"0\" aria-label=\"Previous\">\n\t\t\t\t<svg aria-hidden=\"true\" class=\"e-font-icon-svg e-eicon-chevron-left\" viewBox=\"0 0 1000 1000\" xmlns=\"http:\/\/www.w3.org\/2000\/svg\"><path d=\"M646 125C629 125 613 133 604 142L308 442C296 454 292 471 292 487 292 504 296 521 308 533L604 854C617 867 629 875 646 875 663 875 679 871 692 858 704 846 713 829 713 812 713 796 708 779 692 767L438 487 692 225C700 217 708 204 708 187 708 171 704 154 692 142 675 129 663 125 646 125Z\"><\/path><\/svg>\t\t\t<\/div>\n\t\t\t<div class=\"elementor-swiper-button elementor-swiper-button-next\" role=\"button\" tabindex=\"0\" aria-label=\"Next\">\n\t\t\t\t<svg aria-hidden=\"true\" class=\"e-font-icon-svg e-eicon-chevron-right\" viewBox=\"0 0 1000 1000\" xmlns=\"http:\/\/www.w3.org\/2000\/svg\"><path d=\"M696 533C708 521 713 504 713 487 713 471 708 454 696 446L400 146C388 133 375 125 354 125 338 125 325 129 313 142 300 154 292 171 292 187 292 204 296 221 308 233L563 492 304 771C292 783 288 800 288 817 288 833 296 850 308 863 321 871 338 875 354 875 371 875 388 867 400 854L696 533Z\"><\/path><\/svg>\t\t\t<\/div>\n\t\t\t\t\t<div class=\"swiper-pagination\"><\/div>\n\t\t\t\t\t\t<\/div>\n\t\t\t\t<\/div>\n\t\t\t\t\t<\/div>\n\t\t\t\t<\/div>\n\t\t<div class=\"elementor-element elementor-element-f90ca16 e-flex e-con-boxed e-con e-parent\" data-id=\"f90ca16\" data-element_type=\"container\" data-e-type=\"container\">\n\t\t\t\t\t<div class=\"e-con-inner\">\n\t\t\t\t<div class=\"elementor-element elementor-element-5f37f8a elementor-widget elementor-widget-text-editor\" data-id=\"5f37f8a\" data-element_type=\"widget\" data-e-type=\"widget\" data-widget_type=\"text-editor.default\">\n\t\t\t\t<div class=\"elementor-widget-container\">\n\t\t\t\t\t\t\t\t\t<p style=\"text-align: center;\">Acryl on Canvas , 160 x 120 cm<\/p>\t\t\t\t\t\t\t\t<\/div>\n\t\t\t\t<\/div>\n\t\t\t\t<div class=\"elementor-element elementor-element-a0206cd elementor-hidden-mobile elementor-widget elementor-widget-spacer\" data-id=\"a0206cd\" data-element_type=\"widget\" data-e-type=\"widget\" data-widget_type=\"spacer.default\">\n\t\t\t\t<div class=\"elementor-widget-container\">\n\t\t\t\t\t\t\t<div class=\"elementor-spacer\">\n\t\t\t<div class=\"elementor-spacer-inner\"><\/div>\n\t\t<\/div>\n\t\t\t\t\t\t<\/div>\n\t\t\t\t<\/div>\n\t\t\t\t\t<\/div>\n\t\t\t\t<\/div>\n\t\t<div class=\"elementor-element elementor-element-939ddfd e-flex e-con-boxed e-con e-parent\" data-id=\"939ddfd\" data-element_type=\"container\" data-e-type=\"container\">\n\t\t\t\t\t<div class=\"e-con-inner\">\n\t\t\t\t<div class=\"elementor-element elementor-element-295b785 elementor-widget elementor-widget-image\" data-id=\"295b785\" data-element_type=\"widget\" data-e-type=\"widget\" data-widget_type=\"image.default\">\n\t\t\t\t<div class=\"elementor-widget-container\">\n\t\t\t\t\t\t\t\t\t\t\t\t\t\t\t<img loading=\"lazy\" decoding=\"async\" width=\"800\" height=\"600\" src=\"https:\/\/juliatschaikner.com\/wp-content\/uploads\/2025\/10\/IMG_1762-1-1500x1125.jpeg\" class=\"attachment-large size-large wp-image-3587\" alt=\"\" srcset=\"https:\/\/juliatschaikner.com\/wp-content\/uploads\/2025\/10\/IMG_1762-1-1500x1125.jpeg 1500w, https:\/\/juliatschaikner.com\/wp-content\/uploads\/2025\/10\/IMG_1762-1-300x225.jpeg 300w, https:\/\/juliatschaikner.com\/wp-content\/uploads\/2025\/10\/IMG_1762-1-768x576.jpeg 768w, https:\/\/juliatschaikner.com\/wp-content\/uploads\/2025\/10\/IMG_1762-1-1536x1152.jpeg 1536w, https:\/\/juliatschaikner.com\/wp-content\/uploads\/2025\/10\/IMG_1762-1-2048x1536.jpeg 2048w, https:\/\/juliatschaikner.com\/wp-content\/uploads\/2025\/10\/IMG_1762-1-16x12.jpeg 16w, https:\/\/juliatschaikner.com\/wp-content\/uploads\/2025\/10\/IMG_1762-1-600x450.jpeg 600w\" sizes=\"(max-width: 800px) 100vw, 800px\" \/>\t\t\t\t\t\t\t\t\t\t\t\t\t\t\t<\/div>\n\t\t\t\t<\/div>\n\t\t\t\t\t<\/div>\n\t\t\t\t<\/div>\n\t\t<div class=\"elementor-element elementor-element-bd7e367 e-flex e-con-boxed e-con e-parent\" data-id=\"bd7e367\" data-element_type=\"container\" data-e-type=\"container\">\n\t\t\t\t\t<div class=\"e-con-inner\">\n\t\t\t\t\t<\/div>\n\t\t\t\t<\/div>\n\t\t<div class=\"elementor-element elementor-element-665ace5 e-flex e-con-boxed e-con e-parent\" data-id=\"665ace5\" data-element_type=\"container\" data-e-type=\"container\">\n\t\t\t\t\t<div class=\"e-con-inner\">\n\t\t\t\t<div class=\"elementor-element elementor-element-688ca7f elementor-widget elementor-widget-spacer\" data-id=\"688ca7f\" data-element_type=\"widget\" data-e-type=\"widget\" data-widget_type=\"spacer.default\">\n\t\t\t\t<div class=\"elementor-widget-container\">\n\t\t\t\t\t\t\t<div class=\"elementor-spacer\">\n\t\t\t<div class=\"elementor-spacer-inner\"><\/div>\n\t\t<\/div>\n\t\t\t\t\t\t<\/div>\n\t\t\t\t<\/div>\n\t\t\t\t\t<\/div>\n\t\t\t\t<\/div>\n\t\t\t\t<\/div>\n\t\t","protected":false},"excerpt":{"rendered":"<p>FLUID Julia Tschaikner entwickelt eine Malerei, die zwischen N\u00e4he und Abstraktion oszilliert. Ihre Bildwelten artikulieren sich in Schichten \u2013 visuell, formal, inhaltlich. Sie n\u00e4hert sich dem Verh\u00e4ltnis von Individuum und Gesellschaft \u00fcber das Medium Bild \u2013 nicht als Spiegel, sondern als Gegen\u00fcber. Das Sichtbare wird unterlaufen, verschoben, ge\u00f6ffnet.&nbsp; Die Kompositionen wirken vordergr\u00fcndig leicht, getragen von [&hellip;]<\/p>\n","protected":false},"author":1,"featured_media":0,"parent":0,"menu_order":0,"comment_status":"closed","ping_status":"closed","template":"","meta":{"footnotes":""},"class_list":["post-3635","page","type-page","status-publish","hentry"],"_links":{"self":[{"href":"https:\/\/juliatschaikner.com\/eng\/wp-json\/wp\/v2\/pages\/3635","targetHints":{"allow":["GET"]}}],"collection":[{"href":"https:\/\/juliatschaikner.com\/eng\/wp-json\/wp\/v2\/pages"}],"about":[{"href":"https:\/\/juliatschaikner.com\/eng\/wp-json\/wp\/v2\/types\/page"}],"author":[{"embeddable":true,"href":"https:\/\/juliatschaikner.com\/eng\/wp-json\/wp\/v2\/users\/1"}],"replies":[{"embeddable":true,"href":"https:\/\/juliatschaikner.com\/eng\/wp-json\/wp\/v2\/comments?post=3635"}],"version-history":[{"count":19,"href":"https:\/\/juliatschaikner.com\/eng\/wp-json\/wp\/v2\/pages\/3635\/revisions"}],"predecessor-version":[{"id":4237,"href":"https:\/\/juliatschaikner.com\/eng\/wp-json\/wp\/v2\/pages\/3635\/revisions\/4237"}],"wp:attachment":[{"href":"https:\/\/juliatschaikner.com\/eng\/wp-json\/wp\/v2\/media?parent=3635"}],"curies":[{"name":"wp","href":"https:\/\/api.w.org\/{rel}","templated":true}]}}