{"id":4114,"date":"2025-11-28T13:30:39","date_gmt":"2025-11-28T13:30:39","guid":{"rendered":"https:\/\/juliatschaikner.com\/?page_id=4114"},"modified":"2026-02-07T12:23:01","modified_gmt":"2026-02-07T12:23:01","slug":"ohne-titel","status":"publish","type":"page","link":"https:\/\/juliatschaikner.com\/eng\/ohne-titel\/","title":{"rendered":"Ohne Titel"},"content":{"rendered":"<div data-elementor-type=\"wp-page\" data-elementor-id=\"4114\" class=\"elementor elementor-4114\" data-elementor-post-type=\"page\">\n\t\t\t\t<div class=\"elementor-element elementor-element-70188ea e-flex e-con-boxed e-con e-parent\" data-id=\"70188ea\" data-element_type=\"container\" data-e-type=\"container\">\n\t\t\t\t\t<div class=\"e-con-inner\">\n\t\t\t\t<div class=\"elementor-element elementor-element-627ce9be elementor-nav-menu__align-center elementor-nav-menu--dropdown-none elementor-widget elementor-widget-nav-menu\" data-id=\"627ce9be\" data-element_type=\"widget\" data-e-type=\"widget\" data-settings=\"{&quot;layout&quot;:&quot;horizontal&quot;,&quot;submenu_icon&quot;:{&quot;value&quot;:&quot;&lt;svg aria-hidden=\\&quot;true\\&quot; class=\\&quot;e-font-icon-svg e-fas-caret-down\\&quot; viewBox=\\&quot;0 0 320 512\\&quot; xmlns=\\&quot;http:\\\/\\\/www.w3.org\\\/2000\\\/svg\\&quot;&gt;&lt;path d=\\&quot;M31.3 192h257.3c17.8 0 26.7 21.5 14.1 34.1L174.1 354.8c-7.8 7.8-20.5 7.8-28.3 0L17.2 226.1C4.6 213.5 13.5 192 31.3 192z\\&quot;&gt;&lt;\\\/path&gt;&lt;\\\/svg&gt;&quot;,&quot;library&quot;:&quot;fa-solid&quot;}}\" data-widget_type=\"nav-menu.default\">\n\t\t\t\t<div class=\"elementor-widget-container\">\n\t\t\t\t\t\t\t\t<nav aria-label=\"Men\u00fc\" class=\"elementor-nav-menu--main elementor-nav-menu__container elementor-nav-menu--layout-horizontal e--pointer-underline e--animation-fade\">\n\t\t\t\t<ul id=\"menu-1-627ce9be\" class=\"elementor-nav-menu\"><li class=\"menu-item menu-item-type-post_type menu-item-object-page menu-item-3642\"><a href=\"https:\/\/juliatschaikner.com\/eng\/fluid\/\" class=\"elementor-item\">Fluid<\/a><\/li>\n<li class=\"menu-item menu-item-type-post_type menu-item-object-page menu-item-4163\"><a href=\"https:\/\/juliatschaikner.com\/eng\/ohne-titel\/\" class=\"elementor-item\">Ohne Titel<\/a><\/li>\n<li class=\"menu-item menu-item-type-post_type menu-item-object-page menu-item-4067\"><a href=\"https:\/\/juliatschaikner.com\/eng\/afterimage\/\" class=\"elementor-item\">Afterimage<\/a><\/li>\n<li class=\"menu-item menu-item-type-post_type menu-item-object-page menu-item-4756\"><a href=\"https:\/\/juliatschaikner.com\/eng\/echo\/\" class=\"elementor-item\">Echo<\/a><\/li>\n<\/ul>\t\t\t<\/nav>\n\t\t\t\t\t\t<nav class=\"elementor-nav-menu--dropdown elementor-nav-menu__container\" aria-hidden=\"true\">\n\t\t\t\t<ul id=\"menu-2-627ce9be\" class=\"elementor-nav-menu\"><li class=\"menu-item menu-item-type-post_type menu-item-object-page menu-item-3642\"><a href=\"https:\/\/juliatschaikner.com\/eng\/fluid\/\" class=\"elementor-item\" tabindex=\"-1\">Fluid<\/a><\/li>\n<li class=\"menu-item menu-item-type-post_type menu-item-object-page menu-item-4163\"><a href=\"https:\/\/juliatschaikner.com\/eng\/ohne-titel\/\" class=\"elementor-item\" tabindex=\"-1\">Ohne Titel<\/a><\/li>\n<li class=\"menu-item menu-item-type-post_type menu-item-object-page menu-item-4067\"><a href=\"https:\/\/juliatschaikner.com\/eng\/afterimage\/\" class=\"elementor-item\" tabindex=\"-1\">Afterimage<\/a><\/li>\n<li class=\"menu-item menu-item-type-post_type menu-item-object-page menu-item-4756\"><a href=\"https:\/\/juliatschaikner.com\/eng\/echo\/\" class=\"elementor-item\" tabindex=\"-1\">Echo<\/a><\/li>\n<\/ul>\t\t\t<\/nav>\n\t\t\t\t\t\t<\/div>\n\t\t\t\t<\/div>\n\t\t\t\t\t<\/div>\n\t\t\t\t<\/div>\n\t\t<div class=\"elementor-element elementor-element-a1abe60 e-flex e-con-boxed e-con e-parent\" data-id=\"a1abe60\" data-element_type=\"container\" data-e-type=\"container\">\n\t\t\t\t\t<div class=\"e-con-inner\">\n\t\t\t\t<div class=\"elementor-element elementor-element-d5870bb elementor-widget elementor-widget-text-editor\" data-id=\"d5870bb\" data-element_type=\"widget\" data-e-type=\"widget\" data-widget_type=\"text-editor.default\">\n\t\t\t\t<div class=\"elementor-widget-container\">\n\t\t\t\t\t\t\t\t\t<p>Buch<\/p><p>Deckel<\/p>\t\t\t\t\t\t\t\t<\/div>\n\t\t\t\t<\/div>\n\t\t\t\t\t<\/div>\n\t\t\t\t<\/div>\n\t\t<div class=\"elementor-element elementor-element-716a05d e-flex e-con-boxed e-con e-parent\" data-id=\"716a05d\" data-element_type=\"container\" data-e-type=\"container\">\n\t\t\t\t\t<div class=\"e-con-inner\">\n\t\t\t\t<div class=\"elementor-element elementor-element-90f0b7d elementor-hidden-mobile elementor-widget elementor-widget-spacer\" data-id=\"90f0b7d\" data-element_type=\"widget\" data-e-type=\"widget\" data-widget_type=\"spacer.default\">\n\t\t\t\t<div class=\"elementor-widget-container\">\n\t\t\t\t\t\t\t<div class=\"elementor-spacer\">\n\t\t\t<div class=\"elementor-spacer-inner\"><\/div>\n\t\t<\/div>\n\t\t\t\t\t\t<\/div>\n\t\t\t\t<\/div>\n\t\t\t\t\t<\/div>\n\t\t\t\t<\/div>\n\t\t<div class=\"elementor-element elementor-element-28ccba5 e-flex e-con-boxed e-con e-parent\" data-id=\"28ccba5\" data-element_type=\"container\" data-e-type=\"container\">\n\t\t\t\t\t<div class=\"e-con-inner\">\n\t\t\t\t<div class=\"elementor-element elementor-element-a8e535b elementor-widget elementor-widget-image\" data-id=\"a8e535b\" data-element_type=\"widget\" data-e-type=\"widget\" data-widget_type=\"image.default\">\n\t\t\t\t<div class=\"elementor-widget-container\">\n\t\t\t\t\t\t\t\t\t\t\t\t\t\t\t<img fetchpriority=\"high\" decoding=\"async\" width=\"800\" height=\"800\" src=\"https:\/\/juliatschaikner.com\/wp-content\/uploads\/2025\/12\/IMG_1505-1500x1500.jpeg\" class=\"attachment-large size-large wp-image-4221\" alt=\"\" srcset=\"https:\/\/juliatschaikner.com\/wp-content\/uploads\/2025\/12\/IMG_1505-1500x1500.jpeg 1500w, https:\/\/juliatschaikner.com\/wp-content\/uploads\/2025\/12\/IMG_1505-300x300.jpeg 300w, https:\/\/juliatschaikner.com\/wp-content\/uploads\/2025\/12\/IMG_1505-150x150.jpeg 150w, https:\/\/juliatschaikner.com\/wp-content\/uploads\/2025\/12\/IMG_1505-768x768.jpeg 768w, https:\/\/juliatschaikner.com\/wp-content\/uploads\/2025\/12\/IMG_1505-1536x1536.jpeg 1536w, https:\/\/juliatschaikner.com\/wp-content\/uploads\/2025\/12\/IMG_1505-2048x2048.jpeg 2048w, https:\/\/juliatschaikner.com\/wp-content\/uploads\/2025\/12\/IMG_1505-12x12.jpeg 12w, https:\/\/juliatschaikner.com\/wp-content\/uploads\/2025\/12\/IMG_1505-600x600.jpeg 600w, https:\/\/juliatschaikner.com\/wp-content\/uploads\/2025\/12\/IMG_1505-100x100.jpeg 100w\" sizes=\"(max-width: 800px) 100vw, 800px\" \/>\t\t\t\t\t\t\t\t\t\t\t\t\t\t\t<\/div>\n\t\t\t\t<\/div>\n\t\t\t\t\t<\/div>\n\t\t\t\t<\/div>\n\t\t<div class=\"elementor-element elementor-element-e252d1e e-flex e-con-boxed e-con e-parent\" data-id=\"e252d1e\" data-element_type=\"container\" data-e-type=\"container\">\n\t\t\t\t\t<div class=\"e-con-inner\">\n\t\t\t\t<div class=\"elementor-element elementor-element-aa29281 elementor-widget elementor-widget-image\" data-id=\"aa29281\" data-element_type=\"widget\" data-e-type=\"widget\" data-widget_type=\"image.default\">\n\t\t\t\t<div class=\"elementor-widget-container\">\n\t\t\t\t\t\t\t\t\t\t\t\t\t\t\t<img decoding=\"async\" width=\"800\" height=\"640\" src=\"https:\/\/juliatschaikner.com\/wp-content\/uploads\/2025\/07\/31-1500x1200.png\" class=\"attachment-large size-large wp-image-3441\" alt=\"\" srcset=\"https:\/\/juliatschaikner.com\/wp-content\/uploads\/2025\/07\/31-1500x1200.png 1500w, https:\/\/juliatschaikner.com\/wp-content\/uploads\/2025\/07\/31-300x240.png 300w, https:\/\/juliatschaikner.com\/wp-content\/uploads\/2025\/07\/31-768x614.png 768w, https:\/\/juliatschaikner.com\/wp-content\/uploads\/2025\/07\/31-1536x1229.png 1536w, https:\/\/juliatschaikner.com\/wp-content\/uploads\/2025\/07\/31-2048x1638.png 2048w, https:\/\/juliatschaikner.com\/wp-content\/uploads\/2025\/07\/31-15x12.png 15w, https:\/\/juliatschaikner.com\/wp-content\/uploads\/2025\/07\/31-600x480.png 600w\" sizes=\"(max-width: 800px) 100vw, 800px\" \/>\t\t\t\t\t\t\t\t\t\t\t\t\t\t\t<\/div>\n\t\t\t\t<\/div>\n\t\t\t\t\t<\/div>\n\t\t\t\t<\/div>\n\t\t<div class=\"elementor-element elementor-element-a2db109 e-flex e-con-boxed e-con e-parent\" data-id=\"a2db109\" data-element_type=\"container\" data-e-type=\"container\">\n\t\t\t\t\t<div class=\"e-con-inner\">\n\t\t\t\t<div class=\"elementor-element elementor-element-9cc4b4c elementor-widget elementor-widget-text-editor\" data-id=\"9cc4b4c\" data-element_type=\"widget\" data-e-type=\"widget\" data-widget_type=\"text-editor.default\">\n\t\t\t\t<div class=\"elementor-widget-container\">\n\t\t\t\t\t\t\t\t\t<p class=\"p1\"><span class=\"s1\">OHNE TITEL<\/span><\/p><p class=\"p1\"><span class=\"s1\">In her overpainted book covers, Julia Tschaikner constructs a visual topography composed of found objects, history, and gesture. The books\u2014often second-hand, heterogeneous in content\u2014bear traces of their previous life: titles, signs of use, thematic imprints. These material and semantic layers are not erased through painterly overlay but are poetically continued.<\/span><\/p><p class=\"p1\"><span class=\"s1\">Tschaikner\u2019s painting\u2014often fragmentary, figuratively suggestive, rendered in translucent or gestural application\u2014resists illustrative readability in favor of open pictorial spaces. She creates transitions between the visible and the implied, between content and surface, between what is read and what is seen.<\/span><\/p><p class=\"p1\"><span class=\"s1\">At the center stands the book as a repository of stories\u2014real, imagined, forgotten. The artistic gesture becomes a method of archaeological condensation: each work contains traces of different times, contexts, and perceptions. Theoretically, the work may be situated within the field of tension between palimpsest aesthetics and a poetics of material. The book covers are not vessels of knowledge, but sites of visual resonance.<\/span><\/p><p>\u2026 ein besonderer Fokus liegt f\u00fcr mich auf dem Tr\u00e4ger. Wenn ich auf Buchdeckeln arbeite, ist der Untergrund h\u00e4ufig ein ungrundierter, textiler Einband. In der seriellen Schichtung reagiert dieses Material unmittelbar: Es entstehen Wasserlinien, Verf\u00e4rbungen und Setzungen, auch Verbiegungen der Pappe. Diese Spuren sind keine Nebeneffekte, sondern das, was die Arbeit h\u00e4lt \u2013 Sedimente eines Prozesses, in dem sich Zeit, Feuchtigkeit und \u00dcberarbeitung als sichtbare Restschrift ablagern. &#8230;<\/p><p class=\"p1\"><span class=\"s1\">Ongoing series since 2010<\/span><\/p>\t\t\t\t\t\t\t\t<\/div>\n\t\t\t\t<\/div>\n\t\t\t\t\t<\/div>\n\t\t\t\t<\/div>\n\t\t<div class=\"elementor-element elementor-element-a364f15 e-flex e-con-boxed e-con e-parent\" data-id=\"a364f15\" data-element_type=\"container\" data-e-type=\"container\">\n\t\t\t\t\t<div class=\"e-con-inner\">\n\t\t\t\t<div class=\"elementor-element elementor-element-4c087e6 elementor-widget elementor-widget-image\" data-id=\"4c087e6\" data-element_type=\"widget\" data-e-type=\"widget\" data-widget_type=\"image.default\">\n\t\t\t\t<div class=\"elementor-widget-container\">\n\t\t\t\t\t\t\t\t\t\t\t\t\t\t\t<img decoding=\"async\" width=\"800\" height=\"1000\" src=\"https:\/\/juliatschaikner.com\/wp-content\/uploads\/2025\/05\/IMG_4876-1-scaled-e1746691918392-1200x1500.png\" class=\"attachment-large size-large wp-image-1537\" alt=\"Malerei von Julia Tschaikner aus der Serie ohne Titel \/ Niemandsland\" srcset=\"https:\/\/juliatschaikner.com\/wp-content\/uploads\/2025\/05\/IMG_4876-1-scaled-e1746691918392-1200x1500.png 1200w, https:\/\/juliatschaikner.com\/wp-content\/uploads\/2025\/05\/IMG_4876-1-scaled-e1746691918392-300x375.png 300w, https:\/\/juliatschaikner.com\/wp-content\/uploads\/2025\/05\/IMG_4876-1-scaled-e1746691918392-600x750.png 600w, https:\/\/juliatschaikner.com\/wp-content\/uploads\/2025\/05\/IMG_4876-1-scaled-e1746691918392-240x300.png 240w, https:\/\/juliatschaikner.com\/wp-content\/uploads\/2025\/05\/IMG_4876-1-scaled-e1746691918392-768x960.png 768w, https:\/\/juliatschaikner.com\/wp-content\/uploads\/2025\/05\/IMG_4876-1-scaled-e1746691918392-1229x1536.png 1229w, https:\/\/juliatschaikner.com\/wp-content\/uploads\/2025\/05\/IMG_4876-1-scaled-e1746691918392-1638x2048.png 1638w, https:\/\/juliatschaikner.com\/wp-content\/uploads\/2025\/05\/IMG_4876-1-scaled-e1746691918392.png 2048w\" sizes=\"(max-width: 800px) 100vw, 800px\" \/>\t\t\t\t\t\t\t\t\t\t\t\t\t\t\t<\/div>\n\t\t\t\t<\/div>\n\t\t\t\t<div class=\"elementor-element elementor-element-8f4c8c2 elementor-widget elementor-widget-spacer\" data-id=\"8f4c8c2\" data-element_type=\"widget\" data-e-type=\"widget\" data-widget_type=\"spacer.default\">\n\t\t\t\t<div class=\"elementor-widget-container\">\n\t\t\t\t\t\t\t<div class=\"elementor-spacer\">\n\t\t\t<div class=\"elementor-spacer-inner\"><\/div>\n\t\t<\/div>\n\t\t\t\t\t\t<\/div>\n\t\t\t\t<\/div>\n\t\t\t\t\t<\/div>\n\t\t\t\t<\/div>\n\t\t<div class=\"elementor-element elementor-element-5ac8913 elementor-hidden-desktop elementor-hidden-tablet elementor-hidden-mobile e-flex e-con-boxed e-con e-parent\" data-id=\"5ac8913\" data-element_type=\"container\" data-e-type=\"container\">\n\t\t\t\t\t<div class=\"e-con-inner\">\n\t\t\t\t<div class=\"elementor-element elementor-element-2a2effe elementor-widget elementor-widget-image\" data-id=\"2a2effe\" data-element_type=\"widget\" data-e-type=\"widget\" data-widget_type=\"image.default\">\n\t\t\t\t<div class=\"elementor-widget-container\">\n\t\t\t\t\t\t\t\t\t\t\t\t\t\t\t<img decoding=\"async\" src=\"https:\/\/juliatschaikner.com\/wp-content\/uploads\/2025\/12\/IMG_6727.jpeg\" title=\"\" alt=\"\" loading=\"lazy\" \/>\t\t\t\t\t\t\t\t\t\t\t\t\t\t\t<\/div>\n\t\t\t\t<\/div>\n\t\t\t\t\t<\/div>\n\t\t\t\t<\/div>\n\t\t\t\t<div class=\"elementor-element elementor-element-39e2699 e-con e-atomic-element e-flexbox-base\" data-id=\"39e2699\" data-element_type=\"e-flexbox\" data-e-type=\"e-flexbox\" data-interaction-id=\"39e2699\">\n\t\t\t\t\t\t\t\n\t\t\t<img class=\"e-image-base\" \n\t\t\t\t\tdata-interaction-id=\"d487fbd\" \n\t\t \n\t\t data-e-type=\"widget\" data-id=\"d487fbd\"\n\t\t\t\t\t\t\t\t\tid=\"4931\"\n\t\t\t\t\t\t\t\t\t\t\t\tsrc=\"https:\/\/juliatschaikner.com\/wp-content\/uploads\/2026\/02\/Ohne-Titel-Schirm-Julia-Tschaikner-scaled.jpg\"\n\t\t\t\t\t\t\t\t\t\t\t\twidth=\"2048\"\n\t\t\t\t\t\t\t\t\t\t\t\theight=\"2560\"\n\t\t\t\t\t\t\t\t\t\t\t\tsrcset=\"https:\/\/juliatschaikner.com\/wp-content\/uploads\/2026\/02\/Ohne-Titel-Schirm-Julia-Tschaikner-scaled.jpg 2048w, https:\/\/juliatschaikner.com\/wp-content\/uploads\/2026\/02\/Ohne-Titel-Schirm-Julia-Tschaikner-240x300.jpg 240w, https:\/\/juliatschaikner.com\/wp-content\/uploads\/2026\/02\/Ohne-Titel-Schirm-Julia-Tschaikner-1200x1500.jpg 1200w, https:\/\/juliatschaikner.com\/wp-content\/uploads\/2026\/02\/Ohne-Titel-Schirm-Julia-Tschaikner-768x960.jpg 768w, https:\/\/juliatschaikner.com\/wp-content\/uploads\/2026\/02\/Ohne-Titel-Schirm-Julia-Tschaikner-1229x1536.jpg 1229w, https:\/\/juliatschaikner.com\/wp-content\/uploads\/2026\/02\/Ohne-Titel-Schirm-Julia-Tschaikner-1638x2048.jpg 1638w, https:\/\/juliatschaikner.com\/wp-content\/uploads\/2026\/02\/Ohne-Titel-Schirm-Julia-Tschaikner-10x12.jpg 10w, https:\/\/juliatschaikner.com\/wp-content\/uploads\/2026\/02\/Ohne-Titel-Schirm-Julia-Tschaikner-300x375.jpg 300w, https:\/\/juliatschaikner.com\/wp-content\/uploads\/2026\/02\/Ohne-Titel-Schirm-Julia-Tschaikner-600x750.jpg 600w\"\n\t\t\t\t\t\t\t\t\t\t\t\talt=\"\"\n\t\t\t\t\t\t\/>\n\t\t\t\t\t<\/div>\n\t\t\t\t<div class=\"elementor-element elementor-element-a26d115 e-con e-atomic-element e-flexbox-base\" data-id=\"a26d115\" data-element_type=\"e-flexbox\" data-e-type=\"e-flexbox\" data-interaction-id=\"a26d115\">\n\t\t\t\t\t\t\t\n\t\t\t<img class=\"e-image-base\" \n\t\t\t\t\tdata-interaction-id=\"fb583f7\" \n\t\t \n\t\t data-e-type=\"widget\" data-id=\"fb583f7\"\n\t\t\t\t\t\t\t\t\tid=\"4935\"\n\t\t\t\t\t\t\t\t\t\t\t\tsrc=\"https:\/\/juliatschaikner.com\/wp-content\/uploads\/2026\/02\/Ohne-Titel-Flucht-Julia-Tschaikner-scaled.jpg\"\n\t\t\t\t\t\t\t\t\t\t\t\twidth=\"2560\"\n\t\t\t\t\t\t\t\t\t\t\t\theight=\"2048\"\n\t\t\t\t\t\t\t\t\t\t\t\tsrcset=\"https:\/\/juliatschaikner.com\/wp-content\/uploads\/2026\/02\/Ohne-Titel-Flucht-Julia-Tschaikner-scaled.jpg 2560w, https:\/\/juliatschaikner.com\/wp-content\/uploads\/2026\/02\/Ohne-Titel-Flucht-Julia-Tschaikner-300x240.jpg 300w, https:\/\/juliatschaikner.com\/wp-content\/uploads\/2026\/02\/Ohne-Titel-Flucht-Julia-Tschaikner-1500x1200.jpg 1500w, https:\/\/juliatschaikner.com\/wp-content\/uploads\/2026\/02\/Ohne-Titel-Flucht-Julia-Tschaikner-768x614.jpg 768w, https:\/\/juliatschaikner.com\/wp-content\/uploads\/2026\/02\/Ohne-Titel-Flucht-Julia-Tschaikner-1536x1229.jpg 1536w, https:\/\/juliatschaikner.com\/wp-content\/uploads\/2026\/02\/Ohne-Titel-Flucht-Julia-Tschaikner-2048x1638.jpg 2048w, https:\/\/juliatschaikner.com\/wp-content\/uploads\/2026\/02\/Ohne-Titel-Flucht-Julia-Tschaikner-15x12.jpg 15w, https:\/\/juliatschaikner.com\/wp-content\/uploads\/2026\/02\/Ohne-Titel-Flucht-Julia-Tschaikner-600x480.jpg 600w\"\n\t\t\t\t\t\t\t\t\t\t\t\talt=\"\"\n\t\t\t\t\t\t\/>\n\t\t\t\t\t\t\t\t\n\t\t\t<img class=\"e-image-base\" \n\t\t\t\t\tdata-interaction-id=\"b2e9f1d\" \n\t\t \n\t\t data-e-type=\"widget\" data-id=\"b2e9f1d\"\n\t\t\t\t\t\t\t\t\tsrc=\"https:\/\/juliatschaikner.com\/wp-content\/plugins\/elementor\/assets\/images\/placeholder-v4.svg\"\n\t\t\t\t\t\t\/>\n\t\t\t\t\t<\/div>\n\t\t\t\t<div class=\"elementor-element elementor-element-00019bc e-con e-atomic-element e-flexbox-base\" data-id=\"00019bc\" data-element_type=\"e-flexbox\" data-e-type=\"e-flexbox\" data-interaction-id=\"00019bc\">\n\t\t\t\t\t\t\t\n\t\t\t<img class=\"e-image-base\" \n\t\t\t\t\tdata-interaction-id=\"926001b\" \n\t\t \n\t\t data-e-type=\"widget\" data-id=\"926001b\"\n\t\t\t\t\t\t\t\t\tid=\"2186\"\n\t\t\t\t\t\t\t\t\t\t\t\tsrc=\"https:\/\/juliatschaikner.com\/wp-content\/uploads\/2025\/05\/IMG_4973-scaled.png\"\n\t\t\t\t\t\t\t\t\t\t\t\twidth=\"2560\"\n\t\t\t\t\t\t\t\t\t\t\t\theight=\"2048\"\n\t\t\t\t\t\t\t\t\t\t\t\tsrcset=\"https:\/\/juliatschaikner.com\/wp-content\/uploads\/2025\/05\/IMG_4973-scaled.png 2560w, https:\/\/juliatschaikner.com\/wp-content\/uploads\/2025\/05\/IMG_4973-300x240.png 300w, https:\/\/juliatschaikner.com\/wp-content\/uploads\/2025\/05\/IMG_4973-scaled-600x480.png 600w, https:\/\/juliatschaikner.com\/wp-content\/uploads\/2025\/05\/IMG_4973-1500x1200.png 1500w, https:\/\/juliatschaikner.com\/wp-content\/uploads\/2025\/05\/IMG_4973-768x614.png 768w, https:\/\/juliatschaikner.com\/wp-content\/uploads\/2025\/05\/IMG_4973-1536x1229.png 1536w, https:\/\/juliatschaikner.com\/wp-content\/uploads\/2025\/05\/IMG_4973-2048x1638.png 2048w\"\n\t\t\t\t\t\t\t\t\t\t\t\talt=\"\"\n\t\t\t\t\t\t\/>\n\t\t\t\t\t<\/div>\n\t\t\t\t<div class=\"elementor-element elementor-element-7633e66 e-con e-atomic-element e-flexbox-base\" data-id=\"7633e66\" data-element_type=\"e-flexbox\" data-e-type=\"e-flexbox\" data-interaction-id=\"7633e66\">\n\t\t\t\t\t\t\t\n\t\t\t<img class=\"e-image-base\" \n\t\t\t\t\tdata-interaction-id=\"099b293\" \n\t\t \n\t\t data-e-type=\"widget\" data-id=\"099b293\"\n\t\t\t\t\t\t\t\t\tid=\"4946\"\n\t\t\t\t\t\t\t\t\t\t\t\tsrc=\"https:\/\/juliatschaikner.com\/wp-content\/uploads\/2026\/02\/Ohne-Titel-Schlaf-Julia-Tschaikner.jpg\"\n\t\t\t\t\t\t\t\t\t\t\t\twidth=\"1417\"\n\t\t\t\t\t\t\t\t\t\t\t\theight=\"1134\"\n\t\t\t\t\t\t\t\t\t\t\t\tsrcset=\"https:\/\/juliatschaikner.com\/wp-content\/uploads\/2026\/02\/Ohne-Titel-Schlaf-Julia-Tschaikner.jpg 1417w, https:\/\/juliatschaikner.com\/wp-content\/uploads\/2026\/02\/Ohne-Titel-Schlaf-Julia-Tschaikner-300x240.jpg 300w, https:\/\/juliatschaikner.com\/wp-content\/uploads\/2026\/02\/Ohne-Titel-Schlaf-Julia-Tschaikner-768x615.jpg 768w, https:\/\/juliatschaikner.com\/wp-content\/uploads\/2026\/02\/Ohne-Titel-Schlaf-Julia-Tschaikner-15x12.jpg 15w, https:\/\/juliatschaikner.com\/wp-content\/uploads\/2026\/02\/Ohne-Titel-Schlaf-Julia-Tschaikner-600x480.jpg 600w\"\n\t\t\t\t\t\t\t\t\t\t\t\talt=\"\"\n\t\t\t\t\t\t\/>\n\t\t\t\t\t<\/div>\n\t\t\t\t<div class=\"elementor-element elementor-element-5dfa5bb e-con e-atomic-element e-flexbox-base\" data-id=\"5dfa5bb\" data-element_type=\"e-flexbox\" data-e-type=\"e-flexbox\" data-interaction-id=\"5dfa5bb\">\n\t\t\t\t\t\t\t\n\t\t\t<img class=\"e-image-base\" \n\t\t\t\t\tdata-interaction-id=\"13d1c52\" \n\t\t \n\t\t data-e-type=\"widget\" data-id=\"13d1c52\"\n\t\t\t\t\t\t\t\t\tid=\"1584\"\n\t\t\t\t\t\t\t\t\t\t\t\tsrc=\"https:\/\/juliatschaikner.com\/wp-content\/uploads\/2025\/05\/IMG_4881-scaled.png\"\n\t\t\t\t\t\t\t\t\t\t\t\twidth=\"2560\"\n\t\t\t\t\t\t\t\t\t\t\t\theight=\"2048\"\n\t\t\t\t\t\t\t\t\t\t\t\tsrcset=\"https:\/\/juliatschaikner.com\/wp-content\/uploads\/2025\/05\/IMG_4881-scaled.png 2560w, https:\/\/juliatschaikner.com\/wp-content\/uploads\/2025\/05\/IMG_4881-300x240.png 300w, https:\/\/juliatschaikner.com\/wp-content\/uploads\/2025\/05\/IMG_4881-scaled-600x480.png 600w, https:\/\/juliatschaikner.com\/wp-content\/uploads\/2025\/05\/IMG_4881-1500x1200.png 1500w, https:\/\/juliatschaikner.com\/wp-content\/uploads\/2025\/05\/IMG_4881-768x614.png 768w, https:\/\/juliatschaikner.com\/wp-content\/uploads\/2025\/05\/IMG_4881-1536x1229.png 1536w, https:\/\/juliatschaikner.com\/wp-content\/uploads\/2025\/05\/IMG_4881-2048x1638.png 2048w\"\n\t\t\t\t\t\t\t\t\t\t\t\talt=\"\"\n\t\t\t\t\t\t\/>\n\t\t\t\t\t<\/div>\n\t\t\t\t<div class=\"elementor-element elementor-element-9158d8c e-con e-atomic-element e-flexbox-base\" data-id=\"9158d8c\" data-element_type=\"e-flexbox\" data-e-type=\"e-flexbox\" data-interaction-id=\"9158d8c\">\n\t\t\t\t\t\t\t\n\t\t\t<img class=\"e-image-base\" \n\t\t\t\t\tdata-interaction-id=\"89aaff3\" \n\t\t \n\t\t data-e-type=\"widget\" data-id=\"89aaff3\"\n\t\t\t\t\t\t\t\t\tid=\"2689\"\n\t\t\t\t\t\t\t\t\t\t\t\tsrc=\"https:\/\/juliatschaikner.com\/wp-content\/uploads\/2025\/06\/IMG_4878-scaled-e1749910575398.png\"\n\t\t\t\t\t\t\t\t\t\t\t\twidth=\"2230\"\n\t\t\t\t\t\t\t\t\t\t\t\theight=\"1745\"\n\t\t\t\t\t\t\t\t\t\t\t\tsrcset=\"https:\/\/juliatschaikner.com\/wp-content\/uploads\/2025\/06\/IMG_4878-scaled-e1749910575398.png 2230w, https:\/\/juliatschaikner.com\/wp-content\/uploads\/2025\/06\/IMG_4878-scaled-e1749910575398-300x235.png 300w, https:\/\/juliatschaikner.com\/wp-content\/uploads\/2025\/06\/IMG_4878-scaled-e1749910575398-600x470.png 600w, https:\/\/juliatschaikner.com\/wp-content\/uploads\/2025\/06\/IMG_4878-scaled-e1749910575398-1500x1174.png 1500w, https:\/\/juliatschaikner.com\/wp-content\/uploads\/2025\/06\/IMG_4878-scaled-e1749910575398-768x601.png 768w, https:\/\/juliatschaikner.com\/wp-content\/uploads\/2025\/06\/IMG_4878-scaled-e1749910575398-1536x1202.png 1536w, https:\/\/juliatschaikner.com\/wp-content\/uploads\/2025\/06\/IMG_4878-scaled-e1749910575398-2048x1603.png 2048w, https:\/\/juliatschaikner.com\/wp-content\/uploads\/2025\/06\/IMG_4878-scaled-e1749910575398-15x12.png 15w\"\n\t\t\t\t\t\t\t\t\t\t\t\talt=\"\"\n\t\t\t\t\t\t\/>\n\t\t\t\t\t<\/div>\n\t\t<div class=\"elementor-element elementor-element-434622f e-flex e-con-boxed e-con e-parent\" data-id=\"434622f\" data-element_type=\"container\" data-e-type=\"container\">\n\t\t\t\t\t<div class=\"e-con-inner\">\n\t\t\t\t<div class=\"elementor-element elementor-element-6ca9bce elementor-widget elementor-widget-spacer\" data-id=\"6ca9bce\" data-element_type=\"widget\" data-e-type=\"widget\" data-widget_type=\"spacer.default\">\n\t\t\t\t<div class=\"elementor-widget-container\">\n\t\t\t\t\t\t\t<div class=\"elementor-spacer\">\n\t\t\t<div class=\"elementor-spacer-inner\"><\/div>\n\t\t<\/div>\n\t\t\t\t\t\t<\/div>\n\t\t\t\t<\/div>\n\t\t\t\t\t<\/div>\n\t\t\t\t<\/div>\n\t\t\t\t<\/div>","protected":false},"excerpt":{"rendered":"<p>Buch Deckel OHNE TITEL In ihren \u00fcbermalten Buchdeckeln erschafft Julia Tschaikner eine bildnerische Topographie aus Fundst\u00fcck, Geschichte und Geste. Die B\u00fccher \u2013 oft gebrauchte, inhaltlich heterogene Objekte \u2013 tragen Spuren ihres Vorlebens: Titel, Gebrauchsspuren, thematische Pr\u00e4gungen. Diese materiellen und semantischen Schichten werden durch malerische \u00dcberlagerungen nicht ausgel\u00f6scht, sondern poetisch weitergeschrieben. Tschaikners Malerei \u2013 oft fragmentarisch, [&hellip;]<\/p>\n","protected":false},"author":1,"featured_media":0,"parent":0,"menu_order":0,"comment_status":"closed","ping_status":"closed","template":"","meta":{"footnotes":""},"class_list":["post-4114","page","type-page","status-publish","hentry"],"_links":{"self":[{"href":"https:\/\/juliatschaikner.com\/eng\/wp-json\/wp\/v2\/pages\/4114","targetHints":{"allow":["GET"]}}],"collection":[{"href":"https:\/\/juliatschaikner.com\/eng\/wp-json\/wp\/v2\/pages"}],"about":[{"href":"https:\/\/juliatschaikner.com\/eng\/wp-json\/wp\/v2\/types\/page"}],"author":[{"embeddable":true,"href":"https:\/\/juliatschaikner.com\/eng\/wp-json\/wp\/v2\/users\/1"}],"replies":[{"embeddable":true,"href":"https:\/\/juliatschaikner.com\/eng\/wp-json\/wp\/v2\/comments?post=4114"}],"version-history":[{"count":211,"href":"https:\/\/juliatschaikner.com\/eng\/wp-json\/wp\/v2\/pages\/4114\/revisions"}],"predecessor-version":[{"id":4958,"href":"https:\/\/juliatschaikner.com\/eng\/wp-json\/wp\/v2\/pages\/4114\/revisions\/4958"}],"wp:attachment":[{"href":"https:\/\/juliatschaikner.com\/eng\/wp-json\/wp\/v2\/media?parent=4114"}],"curies":[{"name":"wp","href":"https:\/\/api.w.org\/{rel}","templated":true}]}}